{"id":853,"date":"2024-05-20T09:37:00","date_gmt":"2024-05-20T14:37:00","guid":{"rendered":"https:\/\/www.redkipusperu.org\/inicio\/?page_id=853"},"modified":"2024-07-17T14:54:07","modified_gmt":"2024-07-17T19:54:07","slug":"actividades","status":"publish","type":"page","link":"https:\/\/www.redkipusperu.org\/inicio\/actividades\/","title":{"rendered":"ACTIVIDADES"},"content":{"rendered":"<p>[vc_row][vc_column][vc_empty_space][\/vc_column][\/vc_row][vc_row][vc_column][vc_custom_heading text=&#8221;Conferencias, Seminarios y m\u00e1s&#8221; font_container=&#8221;tag:h1|text_align:left&#8221; google_fonts=&#8221;font_family:Lato%3A100%2C100italic%2C300%2C300italic%2Cregular%2Citalic%2C700%2C700italic%2C900%2C900italic|font_style:400%20regular%3A400%3Anormal&#8221;][\/vc_column][\/vc_row][vc_row][vc_column][vc_empty_space][\/vc_column][\/vc_row][vc_row][vc_column][vc_column_text]<\/p>\n<h1>2024<\/h1>\n<p>[\/vc_column_text][\/vc_column][\/vc_row][vc_row][vc_column width=&#8221;1\/4&#8243;][vc_single_image image=&#8221;1047&#8243; onclick=&#8221;img_link_large&#8221; img_link_target=&#8221;_blank&#8221;][vc_column_text]<strong>II Encuentro de Estudiantes de Educaci\u00f3n<\/strong>[\/vc_column_text][\/vc_column][vc_column width=&#8221;1\/4&#8243;][vc_single_image image=&#8221;1048&#8243; onclick=&#8221;img_link_large&#8221; img_link_target=&#8221;_blank&#8221;][vc_column_text]<strong>Presentaci\u00f3n de la Investigaci\u00f3n: Democracia y ciudadan\u00eda en la formaci\u00f3n inicial docente en el Per\u00fa &#8211; PUCP<\/strong>[\/vc_column_text][\/vc_column][vc_column width=&#8221;1\/4&#8243;][vc_single_image image=&#8221;1049&#8243; onclick=&#8221;img_link_large&#8221; img_link_target=&#8221;_blank&#8221;][vc_column_text]<strong>Presentaci\u00f3n de la Investigaci\u00f3n: Democracia y ciudadan\u00eda en la formaci\u00f3n inicial docente en el Per\u00fa &#8211; UNMSM<\/strong>[\/vc_column_text][\/vc_column][vc_column width=&#8221;1\/4&#8243;][\/vc_column][\/vc_row][vc_row][vc_column][vc_column_text]<\/p>\n<h1>2023<\/h1>\n<p>[\/vc_column_text][\/vc_column][\/vc_row][vc_row][vc_column width=&#8221;1\/4&#8243;][vc_single_image image=&#8221;1060&#8243; onclick=&#8221;img_link_large&#8221; img_link_target=&#8221;_blank&#8221;][vc_column_text]<strong>X Encuentro Internacional de la Red Kipus en Ecuador<\/strong>[\/vc_column_text][\/vc_column][vc_column width=&#8221;1\/4&#8243;][vc_single_image image=&#8221;965&#8243; onclick=&#8221;img_link_large&#8221; img_link_target=&#8221;_blank&#8221;][vc_column_text]<\/p>\n<p class=\"post-title\"><strong>Demandas de la formaci\u00f3n inicial docente en tiempos de pandemia y postpandemia<\/strong><\/p>\n<p>[\/vc_column_text][\/vc_column][vc_column width=&#8221;1\/4&#8243;][vc_single_image image=&#8221;1030&#8243; onclick=&#8221;img_link_large&#8221; img_link_target=&#8221;_blank&#8221;][vc_column_text]<\/p>\n<p class=\"post-title\"><strong>Experiencias de Investigaci\u00f3n Interinstitucional<\/strong><\/p>\n<p>[\/vc_column_text][\/vc_column][vc_column width=&#8221;1\/4&#8243;][vc_single_image image=&#8221;1033&#8243; onclick=&#8221;img_link_large&#8221; img_link_target=&#8221;_blank&#8221;][vc_column_text]<strong>Seminario Internacional Educaci\u00f3n para las diversidades<\/strong>[\/vc_column_text][\/vc_column][\/vc_row][vc_row][vc_column][vc_column_text]<\/p>\n<h1>2022<\/h1>\n<p>[\/vc_column_text][\/vc_column][\/vc_row][vc_row][vc_column width=&#8221;1\/4&#8243;][vc_single_image image=&#8221;1037&#8243; onclick=&#8221;img_link_large&#8221; img_link_target=&#8221;_blank&#8221;][vc_column_text]<strong>La nueva presencialidad: experiencias del retorno en la Educaci\u00f3n Superior<\/strong>[\/vc_column_text][\/vc_column][vc_column width=&#8221;1\/4&#8243;][\/vc_column][vc_column width=&#8221;1\/4&#8243;][\/vc_column][vc_column width=&#8221;1\/4&#8243;][\/vc_column][\/vc_row][vc_row][vc_column][vc_column_text]<\/p>\n<h1>2021<\/h1>\n<p>[\/vc_column_text][\/vc_column][\/vc_row][vc_row][vc_column width=&#8221;1\/4&#8243;][vc_single_image image=&#8221;958&#8243; onclick=&#8221;img_link_large&#8221; img_link_target=&#8221;_blank&#8221;][vc_column_text]<strong>Laformaci\u00f3n docente en la Educaci\u00f3n Superior en el marco del Bicentenario<\/strong>[\/vc_column_text][\/vc_column][vc_column width=&#8221;1\/4&#8243;][vc_single_image image=&#8221;956&#8243; onclick=&#8221;img_link_large&#8221; img_link_target=&#8221;_blank&#8221;][vc_column_text]<strong>La Carrera P\u00fablica del Docente en el marco del PEN al 2036<\/strong>[\/vc_column_text][\/vc_column][vc_column width=&#8221;1\/4&#8243;][vc_single_image image=&#8221;964&#8243; onclick=&#8221;img_link_large&#8221; img_link_target=&#8221;_blank&#8221;][vc_column_text]<strong>Panel politica educativa de la educaci\u00f3n superior peruana<\/strong>[\/vc_column_text][\/vc_column][vc_column width=&#8221;1\/4&#8243;][\/vc_column][\/vc_row][vc_row][vc_column][vc_column_text]<\/p>\n<h1>2020<\/h1>\n<p>[\/vc_column_text][\/vc_column][\/vc_row][vc_row][vc_column width=&#8221;1\/4&#8243;][vc_single_image image=&#8221;1041&#8243; onclick=&#8221;img_link_large&#8221; img_link_target=&#8221;_blank&#8221;][vc_column_text]<strong>La evaluaci\u00f3n para el aprendizaje en el proceso de formaci\u00f3n docente en la educaci\u00f3n no presencial<\/strong><\/p>\n<p>IV Encuentro[\/vc_column_text][\/vc_column][vc_column width=&#8221;1\/4&#8243;][vc_single_image image=&#8221;1038&#8243; onclick=&#8221;img_link_large&#8221; img_link_target=&#8221;_blank&#8221;][vc_column_text]<strong>La relaci\u00f3n investigaci\u00f3n y pr\u00e1ctica educativa en la formaci\u00f3n de docentes en la modalidad no presencial<\/strong><\/p>\n<p>III Encuentro[\/vc_column_text][\/vc_column][vc_column width=&#8221;1\/4&#8243;][vc_single_image image=&#8221;1046&#8243; onclick=&#8221;img_link_large&#8221; img_link_target=&#8221;_blank&#8221;][vc_column_text]<strong>\u00bfC\u00f3mo se desarrolla la pr\u00e1ctica preprofesional docente? Retos y dificultades en la modalidad no presencial<\/strong><\/p>\n<p>II Encuentro[\/vc_column_text][\/vc_column][vc_column width=&#8221;1\/4&#8243;][vc_single_image image=&#8221;1043&#8243; onclick=&#8221;img_link_large&#8221; img_link_target=&#8221;_blank&#8221;][vc_column_text]<strong>\u00bfC\u00f3mo enfrentamos los procesos de ense\u00f1anza y aprendizaje en la educaci\u00f3n no presencial?<\/strong><\/p>\n<p>I Encuentro[\/vc_column_text][\/vc_column][\/vc_row][vc_row][vc_column width=&#8221;1\/4&#8243;][vc_single_image image=&#8221;1078&#8243; onclick=&#8221;img_link_large&#8221; img_link_target=&#8221;_blank&#8221;][vc_column_text]<b>IX Encuentro Internacional de la Red Kipus<\/b>[\/vc_column_text][\/vc_column][vc_column width=&#8221;1\/4&#8243;][\/vc_column][vc_column width=&#8221;1\/4&#8243;][\/vc_column][vc_column width=&#8221;1\/4&#8243;][\/vc_column][\/vc_row][vc_row][vc_column][vc_column_text]<\/p>\n<h1>2017-18<\/h1>\n<p>[\/vc_column_text][\/vc_column][\/vc_row][vc_row][vc_column width=&#8221;1\/4&#8243;][vc_single_image image=&#8221;962&#8243; onclick=&#8221;img_link_large&#8221; img_link_target=&#8221;_blank&#8221;][vc_column_text]<strong>Seminario Nacional de la Red Kipus Per\u00fa<\/strong><\/p>\n<p>2017[\/vc_column_text][\/vc_column][vc_column width=&#8221;1\/4&#8243;][vc_single_image image=&#8221;957&#8243; onclick=&#8221;img_link_large&#8221; img_link_target=&#8221;_blank&#8221;][vc_column_text]<strong>II Seminario Nacional de la Red Kipus Per\u00fa<\/strong><\/p>\n<p>2018[\/vc_column_text][\/vc_column][\/vc_row]<\/p>\n","protected":false},"excerpt":{"rendered":"<p>[vc_row][vc_column][vc_empty_space][\/vc_column][\/vc_row][vc_row][vc_column][vc_custom_heading text=&#8221;Conferencias, Seminarios y m\u00e1s&#8221; font_container=&#8221;tag:h1|text_align:left&#8221; google_fonts=&#8221;font_family:Lato%3A100%2C100italic%2C300%2C300italic%2Cregular%2Citalic%2C700%2C700italic%2C900%2C900italic|font_style:400%20regular%3A400%3Anormal&#8221;][\/vc_column][\/vc_row][vc_row][vc_column][vc_empty_space][\/vc_column][\/vc_row][vc_row][vc_column][vc_column_text] 2024 [\/vc_column_text][\/vc_column][\/vc_row][vc_row][vc_column width=&#8221;1\/4&#8243;][vc_single_image image=&#8221;1047&#8243; onclick=&#8221;img_link_large&#8221; img_link_target=&#8221;_blank&#8221;][vc_column_text]II Encuentro de Estudiantes de Educaci\u00f3n[\/vc_column_text][\/vc_column][vc_column width=&#8221;1\/4&#8243;][vc_single_image image=&#8221;1048&#8243; onclick=&#8221;img_link_large&#8221; img_link_target=&#8221;_blank&#8221;][vc_column_text]Presentaci\u00f3n de la Investigaci\u00f3n: Democracia y ciudadan\u00eda en la [&hellip;]<\/p>\n","protected":false},"author":1,"featured_media":0,"parent":0,"menu_order":0,"comment_status":"closed","ping_status":"closed","template":"","meta":{"footnotes":""},"class_list":["post-853","page","type-page","status-publish","hentry"],"_links":{"self":[{"href":"https:\/\/www.redkipusperu.org\/inicio\/wp-json\/wp\/v2\/pages\/853","targetHints":{"allow":["GET"]}}],"collection":[{"href":"https:\/\/www.redkipusperu.org\/inicio\/wp-json\/wp\/v2\/pages"}],"about":[{"href":"https:\/\/www.redkipusperu.org\/inicio\/wp-json\/wp\/v2\/types\/page"}],"author":[{"embeddable":true,"href":"https:\/\/www.redkipusperu.org\/inicio\/wp-json\/wp\/v2\/users\/1"}],"replies":[{"embeddable":true,"href":"https:\/\/www.redkipusperu.org\/inicio\/wp-json\/wp\/v2\/comments?post=853"}],"version-history":[{"count":20,"href":"https:\/\/www.redkipusperu.org\/inicio\/wp-json\/wp\/v2\/pages\/853\/revisions"}],"predecessor-version":[{"id":1079,"href":"https:\/\/www.redkipusperu.org\/inicio\/wp-json\/wp\/v2\/pages\/853\/revisions\/1079"}],"wp:attachment":[{"href":"https:\/\/www.redkipusperu.org\/inicio\/wp-json\/wp\/v2\/media?parent=853"}],"curies":[{"name":"wp","href":"https:\/\/api.w.org\/{rel}","templated":true}]}}