{"id":786,"date":"2024-05-13T09:12:57","date_gmt":"2024-05-13T14:12:57","guid":{"rendered":"https:\/\/www.redkipusperu.org\/inicio\/?page_id=786"},"modified":"2025-09-16T17:13:37","modified_gmt":"2025-09-16T22:13:37","slug":"publicaciones","status":"publish","type":"page","link":"https:\/\/www.redkipusperu.org\/inicio\/publicaciones\/","title":{"rendered":"Publicaciones"},"content":{"rendered":"<p>[vc_row][vc_column][vc_empty_space][vc_custom_heading text=&#8221;Libros&#8221; use_theme_fonts=&#8221;yes&#8221;][vc_row_inner][vc_column_inner width=&#8221;1\/4&#8243;][vc_single_image image=&#8221;804&#8243; img_size=&#8221;full&#8221; alignment=&#8221;center&#8221;][vc_column_text]<\/p>\n<p style=\"text-align: center;\">Experiencias formativas en tiempos de pandemia de la Red Kipus Per\u00fa<\/p>\n<p style=\"text-align: center;\">2020<\/p>\n<p>[\/vc_column_text][vc_btn title=&#8221;Visualizar&#8221; style=&#8221;custom&#8221; custom_background=&#8221;#e36c09&#8243; custom_text=&#8221;#ffffff&#8221; align=&#8221;center&#8221; i_icon_fontawesome=&#8221;fas fa-eye&#8221; button_block=&#8221;true&#8221; add_icon=&#8221;true&#8221; link=&#8221;url:https%3A%2F%2Fwww.redkipusperu.org%2Finicio%2Fwp-content%2Fuploads%2F2020%2F10%2FEXPERIENCIAS-FORMATIVAS-RED-KIPUS-2020f.pdf|target:_blank&#8221;][\/vc_column_inner][vc_column_inner width=&#8221;1\/4&#8243;][vc_single_image image=&#8221;809&#8243; img_size=&#8221;full&#8221; alignment=&#8221;center&#8221;][vc_column_text]<\/p>\n<p style=\"text-align: center;\">Revisi\u00f3n de las pol\u00edticas educativas 2000-2015<\/p>\n<p style=\"text-align: center;\">2017<\/p>\n<p>[\/vc_column_text][vc_btn title=&#8221;Visualizar&#8221; style=&#8221;custom&#8221; custom_background=&#8221;#e36c09&#8243; custom_text=&#8221;#ffffff&#8221; align=&#8221;center&#8221; i_icon_fontawesome=&#8221;fas fa-eye&#8221; button_block=&#8221;true&#8221; add_icon=&#8221;true&#8221; link=&#8221;url:https%3A%2F%2Fwww.redkipusperu.org%2Finicio%2Fwp-content%2Fuploads%2F2017%2F05%2FPoliticas-publicas-A_10-marzo_web-2.pdf|target:_blank&#8221;][\/vc_column_inner][vc_column_inner width=&#8221;1\/4&#8243;][vc_single_image image=&#8221;1064&#8243; img_size=&#8221;full&#8221; alignment=&#8221;center&#8221;][vc_column_text]<\/p>\n<p style=\"text-align: center;\">La formaci\u00f3n docente en la educaci\u00f3n superior en el marco del bicentenario<\/p>\n<p style=\"text-align: center;\">2022<\/p>\n<p>[\/vc_column_text][vc_btn title=&#8221;Visualizar&#8221; style=&#8221;custom&#8221; custom_background=&#8221;#e36c09&#8243; custom_text=&#8221;#ffffff&#8221; align=&#8221;center&#8221; i_icon_fontawesome=&#8221;fas fa-eye&#8221; button_block=&#8221;true&#8221; add_icon=&#8221;true&#8221; link=&#8221;url:https%3A%2F%2Frepositorio.pucp.edu.pe%2Findex%2Fhandle%2F123456789%2F184556|target:_blank&#8221;][\/vc_column_inner][vc_column_inner width=&#8221;1\/4&#8243;][vc_single_image image=&#8221;1063&#8243; img_size=&#8221;full&#8221; alignment=&#8221;center&#8221;][vc_column_text]<\/p>\n<p style=\"text-align: center;\">La docencia en tiempos de pandemia y postpandemia: aprendizajes, aportes y desaf\u00edos<\/p>\n<p style=\"text-align: center;\">2023<\/p>\n<p>[\/vc_column_text][vc_btn title=&#8221;Visualizar&#8221; style=&#8221;custom&#8221; custom_background=&#8221;#e36c09&#8243; custom_text=&#8221;#ffffff&#8221; align=&#8221;center&#8221; i_icon_fontawesome=&#8221;fas fa-eye&#8221; button_block=&#8221;true&#8221; add_icon=&#8221;true&#8221; link=&#8221;url:https%3A%2F%2Frepositorio.uti.edu.ec%2Fhandle%2F123456789%2F5479|target:_blank&#8221;][\/vc_column_inner][\/vc_row_inner][\/vc_column][\/vc_row][vc_row][vc_column][vc_empty_space][vc_custom_heading text=&#8221;Declaraciones&#8221; use_theme_fonts=&#8221;yes&#8221;][vc_row_inner][vc_column_inner width=&#8221;1\/4&#8243;][vc_single_image image=&#8221;808&#8243; img_size=&#8221;full&#8221; alignment=&#8221;center&#8221;][vc_column_text]<\/p>\n<p style=\"text-align: center;\">Declaraci\u00f3n de Lima, Per\u00fa, para el fortalecimiento de la Pol\u00edtica de Formaci\u00f3n Inicial Docente<\/p>\n<p style=\"text-align: center;\"><strong> (2018)<\/strong><\/p>\n<p>[\/vc_column_text][\/vc_column_inner][vc_column_inner width=&#8221;1\/4&#8243;][vc_single_image image=&#8221;810&#8243; img_size=&#8221;full&#8221; alignment=&#8221;center&#8221;][vc_column_text]<\/p>\n<p style=\"text-align: center;\">\u00abDeclaratoria de San Jos\u00e9, Costa Rica, para el fortalecimiento de la profesi\u00f3n docente\u00bb, producto del VIII Encuentro Internacional de la Red Kipus&#8221;.<\/p>\n<p style=\"text-align: center;\"><strong>(2018)<\/strong><\/p>\n<p>[\/vc_column_text][\/vc_column_inner][\/vc_row_inner][vc_row_inner][vc_column_inner width=&#8221;1\/4&#8243;][vc_btn title=&#8221;Visualizar&#8221; style=&#8221;custom&#8221; custom_background=&#8221;#e36c09&#8243; custom_text=&#8221;#ffffff&#8221; align=&#8221;center&#8221; i_icon_fontawesome=&#8221;fas fa-eye&#8221; button_block=&#8221;true&#8221; add_icon=&#8221;true&#8221; link=&#8221;url:https%3A%2F%2Fwww.redkipusperu.org%2Finicio%2Fwp-content%2Fuploads%2F2018%2F09%2FDECLARATORIA-DE-LIMA-Kipus-Per%25C3%25BA.pdf|target:_blank&#8221;][\/vc_column_inner][vc_column_inner width=&#8221;1\/4&#8243;][vc_btn title=&#8221;Visualizar&#8221; style=&#8221;custom&#8221; custom_background=&#8221;#e36c09&#8243; custom_text=&#8221;#ffffff&#8221; align=&#8221;center&#8221; i_icon_fontawesome=&#8221;fas fa-eye&#8221; button_block=&#8221;true&#8221; add_icon=&#8221;true&#8221; link=&#8221;url:https%3A%2F%2Fwww.redkipusperu.org%2Finicio%2Fwp-content%2Fuploads%2F2018%2F07%2FDeclaraci%25C3%25B3n-de-San-Jos%25C3%25A9_-Red-Kipus-2018.pdf|target:_blank&#8221;][\/vc_column_inner][\/vc_row_inner][\/vc_column][\/vc_row][vc_row][vc_column][vc_empty_space][vc_custom_heading text=&#8221;S\u00edntesis&#8221; use_theme_fonts=&#8221;yes&#8221;][vc_row_inner][vc_column_inner width=&#8221;1\/4&#8243;][vc_single_image image=&#8221;1165&#8243; img_size=&#8221;full&#8221; alignment=&#8221;center&#8221;][vc_column_text]<\/p>\n<p style=\"text-align: center;\">Mesa T\u00e9cnica titulada \u201cLa ecolog\u00eda integral en la formaci\u00f3n docente\u201d<\/p>\n<p style=\"text-align: center;\"><strong> (2025)<\/strong><\/p>\n<p>[\/vc_column_text][\/vc_column_inner][\/vc_row_inner][vc_row_inner][vc_column_inner width=&#8221;1\/4&#8243;][vc_btn title=&#8221;Visualizar&#8221; style=&#8221;custom&#8221; custom_background=&#8221;#e36c09&#8243; custom_text=&#8221;#ffffff&#8221; align=&#8221;center&#8221; i_icon_fontawesome=&#8221;fas fa-eye&#8221; button_block=&#8221;true&#8221; add_icon=&#8221;true&#8221; link=&#8221;url:https%3A%2F%2Fwww.redkipusperu.org%2Finicio%2Fwp-content%2Fuploads%2F2025%2F09%2FSintesis-de-la-Mesa-Tecnica-01.07.25.-2.pdf|target:_blank&#8221;][\/vc_column_inner][\/vc_row_inner][\/vc_column][\/vc_row][vc_row][vc_column][vc_empty_space][vc_custom_heading text=&#8221;Recursos&#8221; use_theme_fonts=&#8221;yes&#8221;][vc_row_inner][vc_column_inner width=&#8221;1\/4&#8243;][vc_single_image image=&#8221;1163&#8243; img_size=&#8221;full&#8221; alignment=&#8221;center&#8221;][vc_column_text]<\/p>\n<p style=\"text-align: center;\">\u00bfC\u00f3mo estamos? Mirada de docentes y j\u00f3venes<\/p>\n<p style=\"text-align: center;\"><strong> (Celia Quenaya &#8211; 2025)<\/strong><\/p>\n<p>[\/vc_column_text][\/vc_column_inner][\/vc_row_inner][vc_row_inner][vc_column_inner width=&#8221;1\/4&#8243;][vc_btn title=&#8221;Visualizar&#8221; style=&#8221;custom&#8221; custom_background=&#8221;#e36c09&#8243; custom_text=&#8221;#ffffff&#8221; align=&#8221;center&#8221; i_icon_fontawesome=&#8221;fas fa-eye&#8221; button_block=&#8221;true&#8221; add_icon=&#8221;true&#8221; link=&#8221;url:https%3A%2F%2Fwww.redkipusperu.org%2Finicio%2Fwp-content%2Fuploads%2F2025%2F09%2F3.-COMO-ESTAMOS-CELIA-QUENAYA.pdf|target:_blank&#8221;][\/vc_column_inner][\/vc_row_inner][\/vc_column][\/vc_row][vc_row disable_element=&#8221;yes&#8221;][vc_column][vc_empty_space][vc_custom_heading text=&#8221;Publicaciones de UNESCO&#8221; use_theme_fonts=&#8221;yes&#8221;][vc_row_inner][vc_column_inner width=&#8221;1\/4&#8243;][vc_single_image image=&#8221;804&#8243; img_size=&#8221;full&#8221; alignment=&#8221;center&#8221;][vc_column_text]<\/p>\n<p style=\"text-align: center;\">Experiencias formativas en tiempos de pandemia de la Red Kipus Per\u00fa (2020)<\/p>\n<p>[\/vc_column_text][\/vc_column_inner][vc_column_inner width=&#8221;1\/4&#8243;][vc_single_image image=&#8221;808&#8243; img_size=&#8221;full&#8221; alignment=&#8221;center&#8221;][vc_column_text]<\/p>\n<p style=\"text-align: center;\">Declaraci\u00f3n de Lima, Per\u00fa, para el fortalecimiento de la Pol\u00edtica de Formaci\u00f3n Inicial Docente (25 de agosto, 2018)<\/p>\n<p>[\/vc_column_text][\/vc_column_inner][vc_column_inner width=&#8221;1\/4&#8243;][vc_single_image image=&#8221;810&#8243; img_size=&#8221;full&#8221; alignment=&#8221;center&#8221;][vc_column_text]<\/p>\n<p style=\"text-align: center;\">Declaraci\u00f3n de Lima, Per\u00fa, para el fortalecimiento de la Pol\u00edtica de Formaci\u00f3n Inicial Docente (25 de agosto, 2018)<\/p>\n<p>[\/vc_column_text][\/vc_column_inner][vc_column_inner width=&#8221;1\/4&#8243;][vc_single_image image=&#8221;809&#8243; img_size=&#8221;full&#8221; alignment=&#8221;center&#8221;][vc_column_text]<\/p>\n<p style=\"text-align: center;\">\u00abDeclaratoria de San Jos\u00e9, Costa Rica, para el fortalecimiento de la profesi\u00f3n docente\u00bb, producto del VIII Encuentro Internacional de la Red Kipus<\/p>\n<p>[\/vc_column_text][\/vc_column_inner][\/vc_row_inner][vc_row_inner][vc_column_inner width=&#8221;1\/4&#8243;][vc_btn title=&#8221;Visualizar&#8221; style=&#8221;custom&#8221; custom_background=&#8221;#e36c09&#8243; custom_text=&#8221;#ffffff&#8221; align=&#8221;center&#8221; i_icon_fontawesome=&#8221;fas fa-eye&#8221; button_block=&#8221;true&#8221; add_icon=&#8221;true&#8221; link=&#8221;url:https%3A%2F%2Fwww.redkipusperu.org%2Finicio%2Fwp-content%2Fuploads%2F2020%2F10%2FEXPERIENCIAS-FORMATIVAS-RED-KIPUS-2020f.pdf|target:_blank&#8221;][\/vc_column_inner][vc_column_inner width=&#8221;1\/4&#8243;][vc_btn title=&#8221;Visualizar&#8221; style=&#8221;custom&#8221; custom_background=&#8221;#e36c09&#8243; custom_text=&#8221;#ffffff&#8221; align=&#8221;center&#8221; i_icon_fontawesome=&#8221;fas fa-eye&#8221; button_block=&#8221;true&#8221; add_icon=&#8221;true&#8221; link=&#8221;url:https%3A%2F%2Fwww.redkipusperu.org%2Finicio%2Fwp-content%2Fuploads%2F2018%2F09%2FDECLARATORIA-DE-LIMA-Kipus-Per%25C3%25BA.pdf|target:_blank&#8221;][\/vc_column_inner][vc_column_inner width=&#8221;1\/4&#8243;][vc_btn title=&#8221;Visualizar&#8221; style=&#8221;custom&#8221; custom_background=&#8221;#e36c09&#8243; custom_text=&#8221;#ffffff&#8221; align=&#8221;center&#8221; i_icon_fontawesome=&#8221;fas fa-eye&#8221; button_block=&#8221;true&#8221; add_icon=&#8221;true&#8221; link=&#8221;url:https%3A%2F%2Fwww.redkipusperu.org%2Finicio%2Fwp-content%2Fuploads%2F2017%2F05%2FPoliticas-publicas-A_10-marzo_web-2.pdf|target:_blank&#8221;][\/vc_column_inner][vc_column_inner width=&#8221;1\/4&#8243;][vc_btn title=&#8221;Visualizar&#8221; style=&#8221;custom&#8221; custom_background=&#8221;#e36c09&#8243; custom_text=&#8221;#ffffff&#8221; align=&#8221;center&#8221; i_icon_fontawesome=&#8221;fas fa-eye&#8221; button_block=&#8221;true&#8221; add_icon=&#8221;true&#8221; link=&#8221;url:https%3A%2F%2Fwww.redkipusperu.org%2Finicio%2Fwp-content%2Fuploads%2F2018%2F07%2FDeclaraci%25C3%25B3n-de-San-Jos%25C3%25A9_-Red-Kipus-2018.pdf|target:_blank&#8221;][\/vc_column_inner][\/vc_row_inner][\/vc_column][\/vc_row][vc_row disable_element=&#8221;yes&#8221;][vc_column][vc_empty_space][vc_custom_heading text=&#8221;Otras publicaciones&#8221; use_theme_fonts=&#8221;yes&#8221;][vc_row_inner][vc_column_inner width=&#8221;1\/4&#8243;][vc_single_image image=&#8221;804&#8243; img_size=&#8221;full&#8221; alignment=&#8221;center&#8221;][vc_column_text]<\/p>\n<p style=\"text-align: center;\">Experiencias formativas en tiempos de pandemia de la Red Kipus Per\u00fa (2020)<\/p>\n<p>[\/vc_column_text][\/vc_column_inner][vc_column_inner width=&#8221;1\/4&#8243;][vc_single_image image=&#8221;808&#8243; img_size=&#8221;full&#8221; alignment=&#8221;center&#8221;][vc_column_text]<\/p>\n<p style=\"text-align: center;\">Declaraci\u00f3n de Lima, Per\u00fa, para el fortalecimiento de la Pol\u00edtica de Formaci\u00f3n Inicial Docente (25 de agosto, 2018)<\/p>\n<p>[\/vc_column_text][\/vc_column_inner][vc_column_inner width=&#8221;1\/4&#8243;][vc_single_image image=&#8221;810&#8243; img_size=&#8221;full&#8221; alignment=&#8221;center&#8221;][vc_column_text]<\/p>\n<p style=\"text-align: center;\">Declaraci\u00f3n de Lima, Per\u00fa, para el fortalecimiento de la Pol\u00edtica de Formaci\u00f3n Inicial Docente (25 de agosto, 2018)<\/p>\n<p>[\/vc_column_text][\/vc_column_inner][vc_column_inner width=&#8221;1\/4&#8243;][vc_single_image image=&#8221;809&#8243; img_size=&#8221;full&#8221; alignment=&#8221;center&#8221;][vc_column_text]<\/p>\n<p style=\"text-align: center;\">\u00abDeclaratoria de San Jos\u00e9, Costa Rica, para el fortalecimiento de la profesi\u00f3n docente\u00bb, producto del VIII Encuentro Internacional de la Red Kipus<\/p>\n<p>[\/vc_column_text][\/vc_column_inner][\/vc_row_inner][vc_row_inner][vc_column_inner width=&#8221;1\/4&#8243;][vc_btn title=&#8221;Visualizar&#8221; style=&#8221;custom&#8221; custom_background=&#8221;#e36c09&#8243; custom_text=&#8221;#ffffff&#8221; align=&#8221;center&#8221; i_icon_fontawesome=&#8221;fas fa-eye&#8221; button_block=&#8221;true&#8221; add_icon=&#8221;true&#8221; link=&#8221;url:https%3A%2F%2Fwww.redkipusperu.org%2Finicio%2Fwp-content%2Fuploads%2F2020%2F10%2FEXPERIENCIAS-FORMATIVAS-RED-KIPUS-2020f.pdf|target:_blank&#8221;][\/vc_column_inner][vc_column_inner width=&#8221;1\/4&#8243;][vc_btn title=&#8221;Visualizar&#8221; style=&#8221;custom&#8221; custom_background=&#8221;#e36c09&#8243; custom_text=&#8221;#ffffff&#8221; align=&#8221;center&#8221; i_icon_fontawesome=&#8221;fas fa-eye&#8221; button_block=&#8221;true&#8221; add_icon=&#8221;true&#8221; link=&#8221;url:https%3A%2F%2Fwww.redkipusperu.org%2Finicio%2Fwp-content%2Fuploads%2F2018%2F09%2FDECLARATORIA-DE-LIMA-Kipus-Per%25C3%25BA.pdf|target:_blank&#8221;][\/vc_column_inner][vc_column_inner width=&#8221;1\/4&#8243;][vc_btn title=&#8221;Visualizar&#8221; style=&#8221;custom&#8221; custom_background=&#8221;#e36c09&#8243; custom_text=&#8221;#ffffff&#8221; align=&#8221;center&#8221; i_icon_fontawesome=&#8221;fas fa-eye&#8221; button_block=&#8221;true&#8221; add_icon=&#8221;true&#8221; link=&#8221;url:https%3A%2F%2Fwww.redkipusperu.org%2Finicio%2Fwp-content%2Fuploads%2F2017%2F05%2FPoliticas-publicas-A_10-marzo_web-2.pdf|target:_blank&#8221;][\/vc_column_inner][vc_column_inner width=&#8221;1\/4&#8243;][vc_btn title=&#8221;Visualizar&#8221; style=&#8221;custom&#8221; custom_background=&#8221;#e36c09&#8243; custom_text=&#8221;#ffffff&#8221; align=&#8221;center&#8221; i_icon_fontawesome=&#8221;fas fa-eye&#8221; button_block=&#8221;true&#8221; add_icon=&#8221;true&#8221; link=&#8221;url:https%3A%2F%2Fwww.redkipusperu.org%2Finicio%2Fwp-content%2Fuploads%2F2018%2F07%2FDeclaraci%25C3%25B3n-de-San-Jos%25C3%25A9_-Red-Kipus-2018.pdf|target:_blank&#8221;][\/vc_column_inner][\/vc_row_inner][\/vc_column][\/vc_row]<\/p>\n","protected":false},"excerpt":{"rendered":"<p>[vc_row][vc_column][vc_empty_space][vc_custom_heading text=&#8221;Libros&#8221; use_theme_fonts=&#8221;yes&#8221;][vc_row_inner][vc_column_inner width=&#8221;1\/4&#8243;][vc_single_image image=&#8221;804&#8243; img_size=&#8221;full&#8221; alignment=&#8221;center&#8221;][vc_column_text] Experiencias formativas en tiempos de pandemia de la Red Kipus Per\u00fa 2020 [\/vc_column_text][vc_btn title=&#8221;Visualizar&#8221; style=&#8221;custom&#8221; custom_background=&#8221;#e36c09&#8243; custom_text=&#8221;#ffffff&#8221; align=&#8221;center&#8221; i_icon_fontawesome=&#8221;fas fa-eye&#8221; button_block=&#8221;true&#8221; add_icon=&#8221;true&#8221; link=&#8221;url:https%3A%2F%2Fwww.redkipusperu.org%2Finicio%2Fwp-content%2Fuploads%2F2020%2F10%2FEXPERIENCIAS-FORMATIVAS-RED-KIPUS-2020f.pdf|target:_blank&#8221;][\/vc_column_inner][vc_column_inner [&hellip;]<\/p>\n","protected":false},"author":1,"featured_media":0,"parent":0,"menu_order":0,"comment_status":"closed","ping_status":"closed","template":"","meta":{"footnotes":""},"class_list":["post-786","page","type-page","status-publish","hentry"],"_links":{"self":[{"href":"https:\/\/www.redkipusperu.org\/inicio\/wp-json\/wp\/v2\/pages\/786","targetHints":{"allow":["GET"]}}],"collection":[{"href":"https:\/\/www.redkipusperu.org\/inicio\/wp-json\/wp\/v2\/pages"}],"about":[{"href":"https:\/\/www.redkipusperu.org\/inicio\/wp-json\/wp\/v2\/types\/page"}],"author":[{"embeddable":true,"href":"https:\/\/www.redkipusperu.org\/inicio\/wp-json\/wp\/v2\/users\/1"}],"replies":[{"embeddable":true,"href":"https:\/\/www.redkipusperu.org\/inicio\/wp-json\/wp\/v2\/comments?post=786"}],"version-history":[{"count":11,"href":"https:\/\/www.redkipusperu.org\/inicio\/wp-json\/wp\/v2\/pages\/786\/revisions"}],"predecessor-version":[{"id":1166,"href":"https:\/\/www.redkipusperu.org\/inicio\/wp-json\/wp\/v2\/pages\/786\/revisions\/1166"}],"wp:attachment":[{"href":"https:\/\/www.redkipusperu.org\/inicio\/wp-json\/wp\/v2\/media?parent=786"}],"curies":[{"name":"wp","href":"https:\/\/api.w.org\/{rel}","templated":true}]}}