{"id":777,"date":"2024-05-13T09:08:00","date_gmt":"2024-05-13T14:08:00","guid":{"rendered":"https:\/\/www.redkipusperu.org\/inicio\/?page_id=777"},"modified":"2024-09-11T17:10:15","modified_gmt":"2024-09-11T22:10:15","slug":"organizacion","status":"publish","type":"page","link":"https:\/\/www.redkipusperu.org\/inicio\/organizacion\/","title":{"rendered":"Organizaci\u00f3n"},"content":{"rendered":"<p>[vc_row][vc_column][vc_empty_space][\/vc_column][\/vc_row][vc_row][vc_column][vc_column_text]<\/p>\n<h2>La Red Kipus tiene como fundadores a Diana Revilla, Hna. Pilar Card\u00f3, Enrique Revilla, Raquel Villaseca, Jorge Jaime, Mart\u00edn Porras, Dany Brice\u00f1o y Margarita Robles.<\/h2>\n<p>[\/vc_column_text][\/vc_column][\/vc_row][vc_row][vc_column][vc_column_text]<\/p>\n<h2>COORDINACI\u00d3N GENERAL<\/h2>\n<p>[\/vc_column_text][\/vc_column][\/vc_row][vc_row][vc_column width=&#8221;1\/3&#8243;][vc_single_image image=&#8221;820&#8243; img_size=&#8221;full&#8221; alignment=&#8221;center&#8221;][vc_column_text]<\/p>\n<p style=\"text-align: center;\"><a href=\"http:\/\/facultad.pucp.edu.pe\/educacion\" target=\"_blank\" rel=\"noopener\"><strong>Facultad de Educaci\u00f3n PUCP<\/strong><\/a><br \/>\n<strong>COORDINACI\u00d3N GENERAL<br \/>\n<\/strong><\/p>\n<p>[\/vc_column_text][\/vc_column][vc_column width=&#8221;1\/3&#8243;][vc_single_image image=&#8221;947&#8243; img_size=&#8221;full&#8221; alignment=&#8221;center&#8221;][vc_column_text]<\/p>\n<p style=\"text-align: center;\"><a href=\"http:\/\/www.ipnm.edu.pe\/\" target=\"_blank\" rel=\"noopener\"><strong>Escuela de Educaci\u00f3n Superior Pedag\u00f3gica P\u00fablica Monterrico<\/strong><\/a><br \/>\n<strong>COORDINACI\u00d3N ADJUNTA 1<br \/>\n<\/strong><\/p>\n<p>[\/vc_column_text][\/vc_column][vc_column width=&#8221;1\/3&#8243;][vc_single_image image=&#8221;826&#8243; img_size=&#8221;full&#8221; alignment=&#8221;center&#8221;][vc_column_text]<\/p>\n<p style=\"text-align: center;\"><span style=\"color: #000000;\"><strong>Facultad de Educaci\u00f3n de la Universidad Peruana Cayetano Heredia<\/strong><\/span><br \/>\n<strong>COORDINACI\u00d3N ADJUNTA 2<br \/>\n<\/strong><\/p>\n<p>[\/vc_column_text][\/vc_column][\/vc_row][vc_row][vc_column][vc_separator][\/vc_column][\/vc_row][vc_row][vc_column][vc_column_text]<\/p>\n<h2>COORDINACI\u00d3N REGIONAL<\/h2>\n<p>[\/vc_column_text][\/vc_column][\/vc_row][vc_row][vc_column][vc_empty_space][\/vc_column][\/vc_row][vc_row][vc_column width=&#8221;1\/3&#8243;][vc_column_text]<\/p>\n<p style=\"text-align: center;\"><strong><span style=\"color: #000000;\">Facultad de Ciencias de la Educaci\u00f3n de la Universidad Nacional de San Agust\u00edn-Arequipa<\/span><br \/>\n<\/strong><\/p>\n<p>[\/vc_column_text][\/vc_column][vc_column width=&#8221;1\/3&#8243;][vc_column_text]<\/p>\n<p style=\"text-align: center;\"><strong><span style=\"color: #000000;\">Facultad de Educaci\u00f3n Intercultural Biling\u00fce de la Universidad Diego Thomson-Chiclayo<\/span><br \/>\n<\/strong><\/p>\n<p>[\/vc_column_text][\/vc_column][vc_column width=&#8221;1\/3&#8243;][vc_column_text]<\/p>\n<p style=\"text-align: center;\"><strong><span style=\"color: #000000;\">Facultad de Educaci\u00f3n Universidad Nacional de Trujillo<\/span><br \/>\n<\/strong><\/p>\n<p>[\/vc_column_text][\/vc_column][\/vc_row][vc_row][vc_column][vc_separator][\/vc_column][\/vc_row][vc_row][vc_column][vc_empty_space][\/vc_column][\/vc_row][vc_row][vc_column][vc_column_text]<\/p>\n<h2>VOCAL\u00cdAS<\/h2>\n<p>[\/vc_column_text][\/vc_column][\/vc_row][vc_row][vc_column width=&#8221;1\/3&#8243;][vc_column_text]<\/p>\n<p style=\"text-align: center;\"><span style=\"color: #000000;\"><strong>Escuela Pedag\u00f3gica P\u00fablico Emilia Barcia Boniffatti<\/strong><\/span><br \/>\n<strong>VOCAL\u00cdA DE INVESTIGACI\u00d3N<br \/>\n<\/strong><\/p>\n<p>[\/vc_column_text][\/vc_column][vc_column width=&#8221;1\/3&#8243;][vc_column_text]<\/p>\n<p style=\"text-align: center;\"><span style=\"color: #000000;\"><strong>Facultad de Educaci\u00f3n Universidad Nacional Mayor de San Marcos\u00a0<\/strong><\/span><br \/>\n<strong>VOCAL\u00cdA DE INVESTIGACI\u00d3N<\/strong><\/p>\n<p>[\/vc_column_text][\/vc_column][vc_column width=&#8221;1\/3&#8243;][vc_column_text]<\/p>\n<p style=\"text-align: center;\"><strong><span style=\"color: #000000;\">Universidad Enrique Guzm\u00e1n y Valle \u201cLa Cantuta\u201d\u00a0<\/span><br \/>\nVOCAL\u00cdA DE INVESTIGACI\u00d3N<br \/>\n<\/strong><\/p>\n<p>[\/vc_column_text][\/vc_column][\/vc_row][vc_row][vc_column][vc_empty_space][\/vc_column][\/vc_row][vc_row][vc_column width=&#8221;1\/3&#8243;][vc_column_text]<\/p>\n<p style=\"text-align: center;\"><strong><span style=\"color: #000000;\">Universidad Cat\u00f3lica Sedes Sapientiae<\/span><br \/>\nVOCAL\u00cdA DE INVESTIGACI\u00d3N<br \/>\n<\/strong><\/p>\n<p>[\/vc_column_text][\/vc_column][vc_column width=&#8221;1\/3&#8243;][vc_column_text]<\/p>\n<p style=\"text-align: center;\"><span style=\"color: #000000;\"><strong>Universidad Femenina del Sagrado Coraz\u00f3n- UNIFE<\/strong><\/span><br \/>\n<strong>VOCAL\u00cdA DE PROYECTO DE DESARROLLO<\/strong><\/p>\n<p>[\/vc_column_text][\/vc_column][vc_column width=&#8221;1\/3&#8243;][vc_column_text]<\/p>\n<p style=\"text-align: center;\"><strong><span style=\"color: #000000;\">Facultad de Educaci\u00f3n Universidad Nacional de Piura<br \/>\n<\/span><\/strong><strong>VOCAL\u00cdA DE PROYECTO DE DESARROLLO<\/strong><\/p>\n<p>[\/vc_column_text][\/vc_column][\/vc_row][vc_row][vc_column][vc_separator][\/vc_column][\/vc_row][vc_row][vc_column][vc_column_text]<\/p>\n<h2>COLABORADORES<\/h2>\n<p>[\/vc_column_text][\/vc_column][\/vc_row][vc_row][vc_column width=&#8221;1\/3&#8243;][vc_column_text]<\/p>\n<p style=\"text-align: center;\"><strong><a href=\"https:\/\/www.redem.org\" target=\"_blank\" rel=\"noopener\"><span style=\"color: #000000;\">Grupo REDEM<\/span><\/a><br \/>\n<\/strong><\/p>\n<p>[\/vc_column_text][\/vc_column][vc_column width=&#8221;1\/3&#8243;][vc_column_text]<\/p>\n<p style=\"text-align: center;\"><span style=\"color: #000000;\"><strong>Unesco, sede Lima<\/strong><\/span><\/p>\n<p>[\/vc_column_text][\/vc_column][vc_column width=&#8221;1\/3&#8243;][vc_column_text]<\/p>\n<p style=\"text-align: center;\"><strong><span style=\"color: #000000;\">Derrama Magisterial<\/span><br \/>\n<\/strong><\/p>\n<p>[\/vc_column_text][\/vc_column][\/vc_row][vc_row][vc_column][vc_empty_space][\/vc_column][\/vc_row][vc_row][vc_column width=&#8221;1\/3&#8243;][vc_column_text]<\/p>\n<p style=\"text-align: center;\"><strong><span style=\"color: #000000;\">Instituci\u00f3n Teresiana del Per\u00fa<\/span><br \/>\n<\/strong><\/p>\n<p>[\/vc_column_text][\/vc_column][vc_column width=&#8221;1\/3&#8243;][\/vc_column][vc_column width=&#8221;1\/3&#8243;][\/vc_column][\/vc_row]<\/p>\n","protected":false},"excerpt":{"rendered":"<p>[vc_row][vc_column][vc_empty_space][\/vc_column][\/vc_row][vc_row][vc_column][vc_column_text] La Red Kipus tiene como fundadores a Diana Revilla, Hna. Pilar Card\u00f3, Enrique Revilla, Raquel Villaseca, Jorge Jaime, Mart\u00edn Porras, Dany Brice\u00f1o y Margarita Robles. [\/vc_column_text][\/vc_column][\/vc_row][vc_row][vc_column][vc_column_text] COORDINACI\u00d3N GENERAL [\/vc_column_text][\/vc_column][\/vc_row][vc_row][vc_column [&hellip;]<\/p>\n","protected":false},"author":1,"featured_media":0,"parent":0,"menu_order":0,"comment_status":"closed","ping_status":"closed","template":"","meta":{"footnotes":""},"class_list":["post-777","page","type-page","status-publish","hentry"],"_links":{"self":[{"href":"https:\/\/www.redkipusperu.org\/inicio\/wp-json\/wp\/v2\/pages\/777","targetHints":{"allow":["GET"]}}],"collection":[{"href":"https:\/\/www.redkipusperu.org\/inicio\/wp-json\/wp\/v2\/pages"}],"about":[{"href":"https:\/\/www.redkipusperu.org\/inicio\/wp-json\/wp\/v2\/types\/page"}],"author":[{"embeddable":true,"href":"https:\/\/www.redkipusperu.org\/inicio\/wp-json\/wp\/v2\/users\/1"}],"replies":[{"embeddable":true,"href":"https:\/\/www.redkipusperu.org\/inicio\/wp-json\/wp\/v2\/comments?post=777"}],"version-history":[{"count":11,"href":"https:\/\/www.redkipusperu.org\/inicio\/wp-json\/wp\/v2\/pages\/777\/revisions"}],"predecessor-version":[{"id":1099,"href":"https:\/\/www.redkipusperu.org\/inicio\/wp-json\/wp\/v2\/pages\/777\/revisions\/1099"}],"wp:attachment":[{"href":"https:\/\/www.redkipusperu.org\/inicio\/wp-json\/wp\/v2\/media?parent=777"}],"curies":[{"name":"wp","href":"https:\/\/api.w.org\/{rel}","templated":true}]}}