{"id":775,"date":"2024-05-13T09:07:44","date_gmt":"2024-05-13T14:07:44","guid":{"rendered":"https:\/\/www.redkipusperu.org\/inicio\/?page_id=775"},"modified":"2024-07-16T09:30:39","modified_gmt":"2024-07-16T14:30:39","slug":"presentacion","status":"publish","type":"page","link":"https:\/\/www.redkipusperu.org\/inicio\/presentacion\/","title":{"rendered":"Presentaci\u00f3n"},"content":{"rendered":"<p><strong>\u00bfQUIENES SOMOS?<\/strong><\/p>\n<p>La<strong> Red KIPUS PER\u00da<\/strong> es un espacio abierto para intercambiar informaci\u00f3n, debatir, generar proyectos y propuestas conjuntas y ocupar un lugar protag\u00f3nico en el escenario de pol\u00edticas y estrategias de la educaci\u00f3n, particularmente en el campo de la formaci\u00f3n y el desarrollo de los docentes.<\/p>\n<p><strong>ANTECEDENTES<\/strong><\/p>\n<p>La Red Latinoamericana de Formaci\u00f3n Docente KIPUS \u2013 Per\u00fa, naci\u00f3 formalmente el 8 de marzo del 2005, por acuerdo de los representantes de las facultades de Educaci\u00f3n y los Institutos Superiores Pedag\u00f3gicos que acudieron a la invitaci\u00f3n del Decano de la Facultad de Educaci\u00f3n de la PUCP, Dr. Jorge Capella quien en ese momento era coordinador de la red en el Per\u00fa.<br \/>\nDesde que se inici\u00f3 el funcionamiento de la red, la comisi\u00f3n a cargo orient\u00f3 sus esfuerzos a lograr los objetivos propuestos en el plan, logrando ejecutar diversas actividades. El comit\u00e9 elegido en el 2005 concluy\u00f3 sus funciones en el 2008 con el desarrollo exitoso del V Encuentro Internacional de la Red realizado en la pontificia Universidad Cat\u00f3lica del Per\u00fa en junio del 2008.<\/p>\n<p><strong>OBJETIVOS<\/strong><\/p>\n<ul>\n<li>Promover la reflexi\u00f3n, generaci\u00f3n de conocimiento e intercambio de informaci\u00f3n sobre los diferentes temas de cada \u00e1rea.<\/li>\n<li>Fortalecer canales de comunicaci\u00f3n y participaci\u00f3n entre los miembros de la red para la difusi\u00f3n de sus actividades.<\/li>\n<li>Promover el desarrollo de proyectos educativos, investigaciones o programas de capacitaci\u00f3n y especializaci\u00f3n mediante convenios interinstitucionales entre universidades e institutos pedag\u00f3gicos, para favorecer la formaci\u00f3n continua docente.<\/li>\n<li>Aportar a la educaci\u00f3n nacional propuestas que contribuyan a la formaci\u00f3n docente inicial y continua.<\/li>\n<li>Integrar a las diferentes Instituciones Educativas<\/li>\n<\/ul>\n<p><strong>\u00bfQUIENES FORMAN PARTE?<\/strong><\/p>\n<p>Las siguientes organizaciones e instituciones pueden formar parte de la Red Kipus PER\u00da:<\/p>\n<p><strong>Afiliaci\u00f3n Institucional<\/strong><\/p>\n<p>\u2013 ISP y Escuelas Nacionales P\u00fablicas de Lima y Provincia.<br \/>\n\u2013 ISP Privadas de Lima y Provincias<br \/>\n\u2013 Universidades p\u00fablicas, Facultades de Educaci\u00f3n de Lima y Provincia.<br \/>\n\u2013 Universidades Privadas, Facultades de Educaci\u00f3n de Lima<br \/>\n\u2013 ONGs \/ Asociaciones civiles<\/p>\n<p><strong>Afiliaci\u00f3n Individual<\/strong><\/p>\n<p>\u2013 Docentes<br \/>\n\u2013 Estudiantes de educaci\u00f3n<br \/>\n\u2013 Especialistas que trabajan en formaci\u00f3n docente inicial o continua.<\/p>\n","protected":false},"excerpt":{"rendered":"<p>\u00bfQUIENES SOMOS? La Red KIPUS PER\u00da es un espacio abierto para intercambiar informaci\u00f3n, debatir, generar proyectos y propuestas conjuntas y ocupar un lugar protag\u00f3nico en el escenario de pol\u00edticas y [&hellip;]<\/p>\n","protected":false},"author":1,"featured_media":0,"parent":0,"menu_order":0,"comment_status":"closed","ping_status":"closed","template":"","meta":{"footnotes":""},"class_list":["post-775","page","type-page","status-publish","hentry"],"_links":{"self":[{"href":"https:\/\/www.redkipusperu.org\/inicio\/wp-json\/wp\/v2\/pages\/775","targetHints":{"allow":["GET"]}}],"collection":[{"href":"https:\/\/www.redkipusperu.org\/inicio\/wp-json\/wp\/v2\/pages"}],"about":[{"href":"https:\/\/www.redkipusperu.org\/inicio\/wp-json\/wp\/v2\/types\/page"}],"author":[{"embeddable":true,"href":"https:\/\/www.redkipusperu.org\/inicio\/wp-json\/wp\/v2\/users\/1"}],"replies":[{"embeddable":true,"href":"https:\/\/www.redkipusperu.org\/inicio\/wp-json\/wp\/v2\/comments?post=775"}],"version-history":[{"count":13,"href":"https:\/\/www.redkipusperu.org\/inicio\/wp-json\/wp\/v2\/pages\/775\/revisions"}],"predecessor-version":[{"id":1028,"href":"https:\/\/www.redkipusperu.org\/inicio\/wp-json\/wp\/v2\/pages\/775\/revisions\/1028"}],"wp:attachment":[{"href":"https:\/\/www.redkipusperu.org\/inicio\/wp-json\/wp\/v2\/media?parent=775"}],"curies":[{"name":"wp","href":"https:\/\/api.w.org\/{rel}","templated":true}]}}